{"id":29,"date":"2022-12-16T17:09:54","date_gmt":"2022-12-16T17:09:54","guid":{"rendered":"https:\/\/artcool-clima.ro\/wp\/?page_id=29"},"modified":"2022-12-29T02:06:29","modified_gmt":"2022-12-29T02:06:29","slug":"contact","status":"publish","type":"page","link":"https:\/\/artcool-clima.ro\/?page_id=29","title":{"rendered":"Contact"},"content":{"rendered":"\n<h2 class=\"wp-block-heading\">Montaj aer condi\u021bionat Bucure\u0219ti \u0219i Ilfov<\/h2>\n\n\n\n<p>Pentru mai multe informa\u021bii sau comenzi despre serviciile sau produsele pe care le comercializ\u0103m, ne po\u021bi contacta telefonic \u00een intervalul orar men\u021bionat mai jos sau ne po\u021bi scrie oric\u00e2nd un mesaj prin intermediul formularului de contact al\u0103turat sau pe email. Va recomandam sa cititi <a href=\"https:\/\/artcool-clima.ro\/?page_id=112\">Politic\u0103 de confiden\u021bialitate<\/a><\/p>\n\n\n\n<p><a href=\"tel:+4%200738530507\"><\/a><\/p>\n\n\n\n<h6 class=\"wp-block-heading\"><a href=\"tel:+4%200738530507\">Telefon: +:<\/a> 0787601671<a href=\"mailto:office@topclimaexpert.ro\"><\/a><\/h6>\n\n\n\n<h6 class=\"wp-block-heading\"><a href=\"mailto:office@artcool-clima.ro\">Email:  office<\/a>@artcool-clima.ro<\/h6>\n\n\n\n<h6 class=\"wp-block-heading\">Program preluare comenzi:<\/h6>\n\n\n\n<p>Luni-S\u00e2mbat\u0103: 08:00 &#8211; 20:00<br>Duminic\u0103: 10:00 &#8211; 20:00<\/p>\n\n\n\n<h6 class=\"wp-block-heading\">Sediu social (nu se lucreaz\u0103 cu publicul la sediu):<\/h6>\n\n\n\n<p>Str, Pricopan 22, Sector 5 Bucuresti<\/p>\n\n\n\n<p><\/p>\n\n\n<div class=\"wpforms-container wpforms-container-full wpforms-block\" id=\"wpforms-167\"><form id=\"wpforms-form-167\" class=\"wpforms-validate wpforms-form wpforms-ajax-form\" data-formid=\"167\" method=\"post\" enctype=\"multipart\/form-data\" action=\"\/index.php?rest_route=%2Fwp%2Fv2%2Fpages%2F29\" data-token=\"45b8d0aa328caac5f945f04ab7912dc1\" data-token-time=\"1776459884\"><noscript class=\"wpforms-error-noscript\">Please enable JavaScript in your browser to complete this form.<\/noscript><div class=\"wpforms-field-container\"><div id=\"wpforms-167-field_0-container\" class=\"wpforms-field wpforms-field-name\" data-field-id=\"0\"><label class=\"wpforms-field-label\" for=\"wpforms-167-field_0\">Nume si prenume <span class=\"wpforms-required-label\">*<\/span><\/label><input type=\"text\" id=\"wpforms-167-field_0\" class=\"wpforms-field-medium wpforms-field-required\" name=\"wpforms[fields][0]\" required><\/div><div id=\"wpforms-167-field_3-container\" class=\"wpforms-field wpforms-field-number\" data-field-id=\"3\"><label class=\"wpforms-field-label\" for=\"wpforms-167-field_3\">Numar telefon <span class=\"wpforms-required-label\">*<\/span><\/label><input type=\"number\" id=\"wpforms-167-field_3\" class=\"wpforms-field-medium wpforms-field-required\" name=\"wpforms[fields][3]\" step=\"any\" required><\/div><div id=\"wpforms-167-field_1-container\" class=\"wpforms-field wpforms-field-email\" data-field-id=\"1\"><label class=\"wpforms-field-label\" for=\"wpforms-167-field_1\">Email <span class=\"wpforms-required-label\">*<\/span><\/label><input type=\"email\" id=\"wpforms-167-field_1\" class=\"wpforms-field-medium wpforms-field-required\" name=\"wpforms[fields][1]\" spellcheck=\"false\" required><\/div><div id=\"wpforms-167-field_2-container\" class=\"wpforms-field wpforms-field-textarea\" data-field-id=\"2\"><label class=\"wpforms-field-label\" for=\"wpforms-167-field_2\">Mesaj<\/label><textarea id=\"wpforms-167-field_2\" class=\"wpforms-field-medium\" name=\"wpforms[fields][2]\" ><\/textarea><\/div><\/div><!-- .wpforms-field-container --><div class=\"wpforms-submit-container\" ><input type=\"hidden\" name=\"wpforms[id]\" value=\"167\"><input type=\"hidden\" name=\"page_title\" value=\"\"><input type=\"hidden\" name=\"page_url\" value=\"https:\/\/artcool-clima.ro\/index.php?rest_route=\/wp\/v2\/pages\/29\"><input type=\"hidden\" name=\"url_referer\" value=\"\"><button type=\"submit\" name=\"wpforms[submit]\" id=\"wpforms-submit-167\" class=\"wpforms-submit\" data-alt-text=\"Sending...\" data-submit-text=\"Submit\" aria-live=\"assertive\" value=\"wpforms-submit\">Submit<\/button><img decoding=\"async\" src=\"data:image\/gif;base64,R0lGODlhAQABAIAAAAAAAP\/\/\/yH5BAEAAAAALAAAAAABAAEAAAIBRAA7\" data-src=\"https:\/\/artcool-clima.ro\/wp-content\/plugins\/wpforms-lite\/assets\/images\/submit-spin.svg\" class=\"wpforms-submit-spinner lazyload\" style=\"display: none;\" width=\"26\" height=\"26\" alt=\"Loading\"><noscript><img decoding=\"async\" src=\"https:\/\/artcool-clima.ro\/wp-content\/plugins\/wpforms-lite\/assets\/images\/submit-spin.svg\" class=\"wpforms-submit-spinner lazyload\" style=\"display: none;\" width=\"26\" height=\"26\" alt=\"Loading\"><\/noscript><\/div><\/form><\/div>  <!-- .wpforms-container -->","protected":false},"excerpt":{"rendered":"<p>Montaj aer condi\u021bionat Bucure\u0219ti \u0219i Ilfov Pentru mai multe informa\u021bii sau comenzi despre serviciile sau produsele pe care le comercializ\u0103m, ne po\u021bi contacta telefonic \u00een intervalul orar men\u021bionat mai jos &#8230;<\/p>\n","protected":false},"author":1,"featured_media":0,"parent":0,"menu_order":0,"comment_status":"closed","ping_status":"closed","template":"","meta":{"footnotes":""},"class_list":["post-29","page","type-page","status-publish","hentry"],"_links":{"self":[{"href":"https:\/\/artcool-clima.ro\/index.php?rest_route=\/wp\/v2\/pages\/29","targetHints":{"allow":["GET"]}}],"collection":[{"href":"https:\/\/artcool-clima.ro\/index.php?rest_route=\/wp\/v2\/pages"}],"about":[{"href":"https:\/\/artcool-clima.ro\/index.php?rest_route=\/wp\/v2\/types\/page"}],"author":[{"embeddable":true,"href":"https:\/\/artcool-clima.ro\/index.php?rest_route=\/wp\/v2\/users\/1"}],"replies":[{"embeddable":true,"href":"https:\/\/artcool-clima.ro\/index.php?rest_route=%2Fwp%2Fv2%2Fcomments&post=29"}],"version-history":[{"count":7,"href":"https:\/\/artcool-clima.ro\/index.php?rest_route=\/wp\/v2\/pages\/29\/revisions"}],"predecessor-version":[{"id":315,"href":"https:\/\/artcool-clima.ro\/index.php?rest_route=\/wp\/v2\/pages\/29\/revisions\/315"}],"wp:attachment":[{"href":"https:\/\/artcool-clima.ro\/index.php?rest_route=%2Fwp%2Fv2%2Fmedia&parent=29"}],"curies":[{"name":"wp","href":"https:\/\/api.w.org\/{rel}","templated":true}]}}