{"id":32,"date":"2022-12-16T17:09:54","date_gmt":"2022-12-16T17:09:54","guid":{"rendered":"https:\/\/artcool-clima.ro\/wp\/?page_id=32"},"modified":"2022-12-28T15:01:34","modified_gmt":"2022-12-28T15:01:34","slug":"home","status":"publish","type":"page","link":"https:\/\/artcool-clima.ro\/","title":{"rendered":"Home"},"content":{"rendered":"\n<div class=\"wp-block-columns alignwide is-layout-flex wp-container-core-columns-is-layout-9d6595d7 wp-block-columns-is-layout-flex\">\n<div class=\"wp-block-column has-text-color has-background has-link-color wp-elements-3a91bffb39ff416a10730d0c32cf71c3 is-layout-flow wp-block-column-is-layout-flow\" style=\"color:#000000;background-color:#ffe97d;padding-top:2em;padding-right:2em;padding-bottom:2em;padding-left:2em\">\n<h2 class=\"wp-block-heading\" id=\"single\" style=\"font-size:40px\"><strong>Montaj aer conditionat<\/strong><\/h2>\n\n\n\n<p class=\"has-normal-font-size\" style=\"line-height:1.5\"><strong>Efectu\u0103m repara\u021bii aer condi\u021bionat \u00een Bucure\u0219ti \u0219i Ilfov.<\/strong> <\/p>\n\n\n\n<hr class=\"wp-block-separator has-text-color has-css-opacity has-background is-style-wide\" style=\"background-color:#000000;color:#000000\"\/>\n\n\n\n<ul class=\"wp-block-list\">\n<li>V\u0103 putem ajuta cu o gam\u0103 variat\u0103 de servicii din domeniul climatiz\u0103rii: <\/li>\n\n\n\n<li>montaj aer condi\u021bionat<\/li>\n\n\n\n<li>revizie aer condi\u021bionat<\/li>\n\n\n\n<li>igienizare aer condi\u021bionat<\/li>\n\n\n\n<li>montaj \u0219i repara\u021bii instala\u021bii termice \u0219i sanitare. <\/li>\n\n\n\n<li>V\u0103 putem oferta \u0219i mai multe modele de aparate de aer condi\u021bionat la pre\u021buri competitive.<\/li>\n<\/ul>\n\n\n\n<div class=\"wp-block-buttons alignfull is-horizontal is-content-justification-center is-layout-flex wp-container-core-buttons-is-layout-499968f5 wp-block-buttons-is-layout-flex\">\n<div class=\"wp-block-button has-custom-width wp-block-button__width-100\"><a class=\"wp-block-button__link has-white-color has-text-color has-background no-border-radius wp-element-button\" style=\"background-color:#000000\">0787601671<\/a><\/div>\n<\/div>\n<\/div>\n\n\n\n<div class=\"wp-block-column has-text-color has-background has-link-color wp-elements-78fef3e1141bb5f4493c24edeff2247e is-layout-flow wp-block-column-is-layout-flow\" style=\"color:#000000;background-color:#d1d1e1;padding-top:2em;padding-right:2em;padding-bottom:2em;padding-left:2em\">\n<h2 class=\"wp-block-heading\" id=\"family\" style=\"font-size:40px\"><strong>MONTAJ \u0218I REPARA\u021aII INSTALA\u021aII TERMICE \u0218I SANITARE<\/strong><\/h2>\n\n\n\n<p class=\"has-normal-font-size\" style=\"line-height:1.5\"><strong>Efectu\u0103m servicii de montaj \u0219i repara\u021bii instala\u021bii termice \u0219i sanitare \u00een Bucure\u0219ti \u0219i Ilfov.<\/strong><\/p>\n\n\n\n<hr class=\"wp-block-separator has-css-opacity is-style-wide\"\/>\n\n\n\n<ul class=\"wp-block-list\">\n<li>V\u0103 putem oferta o gam\u0103 variat\u0103 de servicii din domeniul instala\u021biilor termice \u0219i sanitare: <\/li>\n\n\n\n<li>Montaj obiecte sanitare <\/li>\n\n\n\n<li>Montaj centrale termice <\/li>\n\n\n\n<li>Montaj calorifere<\/li>\n<\/ul>\n\n\n\n<div class=\"wp-block-buttons alignfull is-horizontal is-content-justification-center is-layout-flex wp-container-core-buttons-is-layout-499968f5 wp-block-buttons-is-layout-flex\">\n<div class=\"wp-block-button has-custom-width wp-block-button__width-100 is-style-fill\"><a class=\"wp-block-button__link has-white-color has-text-color has-background no-border-radius wp-element-button\" style=\"background-color:#000000\">0787601671<\/a><\/div>\n<\/div>\n<\/div>\n\n\n\n<div class=\"wp-block-column has-text-color has-background has-link-color wp-elements-68a8240b2cf457c9d3239ecc5119fa2c is-layout-flow wp-block-column-is-layout-flow\" style=\"color:#000000;background-color:#c0ebf1;padding-top:2em;padding-right:2em;padding-bottom:2em;padding-left:2em\">\n<h2 class=\"wp-block-heading\" id=\"patron\" style=\"font-size:40px\"><strong>REVIZIE, IGIENIZARE, REPARA\u021aII AER CONDI\u021aIONAT<\/strong><\/h2>\n\n\n\n<p class=\"has-normal-font-size\"><strong>Efectu\u0103m revizii aparate aer condi\u021bionat \u00een Bucure\u0219ti \u0219i Ilfov<\/strong>.<\/p>\n\n\n\n<hr class=\"wp-block-separator has-css-opacity is-style-wide\"\/>\n\n\n\n<ul class=\"wp-block-list\">\n<li>V\u0103 putem ajuta cu o gam\u0103 variat\u0103 de servicii din domeniul climatiz\u0103rii: <\/li>\n\n\n\n<li>repara\u021bii aer condi\u021bionat<\/li>\n\n\n\n<li>revizie aer condi\u021bionat<\/li>\n\n\n\n<li>igienizare aer condi\u021bionat<\/li>\n<\/ul>\n\n\n\n<div class=\"wp-block-buttons alignfull is-horizontal is-content-justification-center is-layout-flex wp-container-core-buttons-is-layout-499968f5 wp-block-buttons-is-layout-flex\">\n<div class=\"wp-block-button has-custom-width wp-block-button__width-100\"><a class=\"wp-block-button__link has-white-color has-text-color has-background no-border-radius wp-element-button\" style=\"background-color:#000000\">0787601671<\/a><\/div>\n<\/div>\n<\/div>\n<\/div>\n\n\n<div class=\"wp-block-image is-style-rounded\">\n<figure class=\"aligncenter size-large\"><img decoding=\"async\" src=\"data:image\/gif;base64,R0lGODlhAQABAIAAAAAAAP\/\/\/yH5BAEAAAAALAAAAAABAAEAAAIBRAA7\" data-src=\"https:\/\/artcool-clima.ro\/wp\/wp-content\/uploads\/2022\/12\/instalare-aer-conditionat-bucuresti-1024x649.jpeg\" alt=\"\" class=\"wp-image-44 lazyload\"\/><noscript><img decoding=\"async\" width=\"1024\" height=\"649\" src=\"https:\/\/artcool-clima.ro\/wp\/wp-content\/uploads\/2022\/12\/instalare-aer-conditionat-bucuresti-1024x649.jpeg\" alt=\"\" class=\"wp-image-44 lazyload\" srcset=\"https:\/\/artcool-clima.ro\/wp-content\/uploads\/2022\/12\/instalare-aer-conditionat-bucuresti-1024x649.jpeg 1024w, https:\/\/artcool-clima.ro\/wp-content\/uploads\/2022\/12\/instalare-aer-conditionat-bucuresti-300x190.jpeg 300w, https:\/\/artcool-clima.ro\/wp-content\/uploads\/2022\/12\/instalare-aer-conditionat-bucuresti-768x487.jpeg 768w, https:\/\/artcool-clima.ro\/wp-content\/uploads\/2022\/12\/instalare-aer-conditionat-bucuresti-1536x973.jpeg 1536w, https:\/\/artcool-clima.ro\/wp-content\/uploads\/2022\/12\/instalare-aer-conditionat-bucuresti.jpeg 2000w\" sizes=\"(max-width: 1024px) 100vw, 1024px\" \/><\/noscript><figcaption class=\"wp-element-caption\"><strong>V\u0103 putem ajuta cu o gam\u0103 variat\u0103 de servicii din domeniul climatiz\u0103rii: montaj aer condi\u021bionat, repara\u021bii aer condi\u021bionat, revizie aer condi\u021bionat, igienizare aer condi\u021bionat, montaj \u0219i repara\u021bii instala\u021bii termice \u0219i sanitare. V\u0103 putem oferta \u0219i mai multe modele de aparate de aer condi\u021bionat la pre\u021buri competitive.<\/strong><\/figcaption><\/figure>\n<\/div>\n\n\n<div class=\"wp-block-buttons is-content-justification-center is-layout-flex wp-container-core-buttons-is-layout-16018d1d wp-block-buttons-is-layout-flex\">\n<div class=\"wp-block-button\"><a class=\"wp-block-button__link wp-element-button\" href=\"https:\/\/artcool-clima.ro\/wp\/?page_id=30\">Programeaza-te<\/a><\/div>\n<\/div>\n\n\n\n<h3>OUR WORK<\/h3>\n\n\n\n<h3>TESTIMONIALS<\/h3>\n\n\n\n<div class=\"wp-block-cover is-light has-parallax\"><span aria-hidden=\"true\" class=\"wp-block-cover__background has-background-dim-30 has-background-dim\"><\/span><div role=\"img\" class=\"wp-block-cover__image-background wp-image-54 has-parallax\" style=\"background-position:50% 50%;background-image:url(https:\/\/artcool-clima.ro\/wp\/wp-content\/uploads\/2022\/12\/expert-bg.jpg)\"><\/div><div class=\"wp-block-cover__inner-container is-layout-flow wp-block-cover-is-layout-flow\">\n<p class=\"has-text-align-center has-large-font-size\">Smart Solution for Climate Change<\/p>\n<\/div><\/div>\n\n\n\n<div class=\"wp-block-cover is-light has-parallax\" style=\"min-height:100vh;aspect-ratio:unset;\"><span aria-hidden=\"true\" class=\"wp-block-cover__background has-background-dim\"><\/span><div role=\"img\" class=\"wp-block-cover__image-background wp-image-139 has-parallax\" style=\"background-position:50% 50%;background-image:url(https:\/\/artcool-clima.ro\/wp\/wp-content\/uploads\/2022\/12\/hvac-1.jpg)\"><\/div><div class=\"wp-block-cover__inner-container is-layout-flow wp-block-cover-is-layout-flow\">\n<h2 class=\"has-text-align-center has-white-color has-text-color has-large-font-size wp-block-heading\">ArtCool Clima<\/h2>\n\n\n\n<blockquote class=\"wp-block-quote has-text-align-center has-white-color has-text-color is-layout-flow wp-block-quote-is-layout-flow\">\n<h2 class=\"has-text-align-center has-large-font-size wp-block-heading\">Solutia inteligenta pentru casa<\/h2>\n<cite><strong>Dispunem de o echipa de oameni profesionisti, cu multa experienta in spate, care va ofera servicii ireprosabile de montaj la cele mai bune preturi, astfel ca te poti bucura mai repede de produsul achizitionat. Avem pachete pentru serviciul de instalare diferite, pentru a putea alege ceea ce te avantajeaza. Indiferent de pachetul ales, beneficiezi de cele mai bune servicii, prestate de oameni profesionisti, care lucreaza curat, prompt si eficient.<\/strong><\/cite><\/blockquote>\n<\/div><\/div>\n\n\n\n<div class=\"wp-block-cover is-light has-parallax has-x-large-font-size\" style=\"min-height:500px;aspect-ratio:unset;\"><span aria-hidden=\"true\" class=\"wp-block-cover__background has-background-dim\"><\/span><div role=\"img\" class=\"wp-block-cover__image-background wp-image-45 has-parallax\" style=\"background-position:50% 50%;background-image:url(https:\/\/artcool-clima.ro\/wp\/wp-content\/uploads\/2022\/12\/instalare-montaj-aer-conditionat-03-1200x480-2.jpg)\"><\/div><div class=\"wp-block-cover__inner-container is-layout-flow wp-block-cover-is-layout-flow\">\n<div class=\"wp-block-columns is-layout-flex wp-container-core-columns-is-layout-9d6595d7 wp-block-columns-is-layout-flex\">\n<div class=\"wp-block-column has-white-color has-text-color is-layout-flow wp-block-column-is-layout-flow\" style=\"flex-basis:100%\">\n<h2 class=\"has-text-align-center has-white-color has-text-color wp-block-heading\">Artcool-clima<\/h2>\n\n\n\n<h2 class=\"has-text-align-center has-white-color has-text-color wp-block-heading\"> incalzeste frigul si raceste caldura!<\/h2>\n<\/div>\n<\/div>\n<\/div><\/div>\n","protected":false},"excerpt":{"rendered":"<p>Montaj aer conditionat Efectu\u0103m repara\u021bii aer condi\u021bionat \u00een Bucure\u0219ti \u0219i Ilfov. MONTAJ \u0218I REPARA\u021aII INSTALA\u021aII TERMICE \u0218I SANITARE Efectu\u0103m servicii de montaj \u0219i repara\u021bii instala\u021bii termice \u0219i sanitare \u00een Bucure\u0219ti &#8230;<\/p>\n","protected":false},"author":1,"featured_media":121,"parent":0,"menu_order":-3,"comment_status":"closed","ping_status":"closed","template":"template-frontpage.php","meta":{"footnotes":""},"class_list":["post-32","page","type-page","status-publish","has-post-thumbnail","hentry"],"_links":{"self":[{"href":"https:\/\/artcool-clima.ro\/index.php?rest_route=\/wp\/v2\/pages\/32","targetHints":{"allow":["GET"]}}],"collection":[{"href":"https:\/\/artcool-clima.ro\/index.php?rest_route=\/wp\/v2\/pages"}],"about":[{"href":"https:\/\/artcool-clima.ro\/index.php?rest_route=\/wp\/v2\/types\/page"}],"author":[{"embeddable":true,"href":"https:\/\/artcool-clima.ro\/index.php?rest_route=\/wp\/v2\/users\/1"}],"replies":[{"embeddable":true,"href":"https:\/\/artcool-clima.ro\/index.php?rest_route=%2Fwp%2Fv2%2Fcomments&post=32"}],"version-history":[{"count":15,"href":"https:\/\/artcool-clima.ro\/index.php?rest_route=\/wp\/v2\/pages\/32\/revisions"}],"predecessor-version":[{"id":215,"href":"https:\/\/artcool-clima.ro\/index.php?rest_route=\/wp\/v2\/pages\/32\/revisions\/215"}],"wp:featuredmedia":[{"embeddable":true,"href":"https:\/\/artcool-clima.ro\/index.php?rest_route=\/wp\/v2\/media\/121"}],"wp:attachment":[{"href":"https:\/\/artcool-clima.ro\/index.php?rest_route=%2Fwp%2Fv2%2Fmedia&parent=32"}],"curies":[{"name":"wp","href":"https:\/\/api.w.org\/{rel}","templated":true}]}}