{"id":47,"date":"2022-12-16T23:39:06","date_gmt":"2022-12-16T23:39:06","guid":{"rendered":"https:\/\/artcool-clima.ro\/wp\/?page_id=47"},"modified":"2025-09-03T00:21:50","modified_gmt":"2025-09-03T00:21:50","slug":"servicii","status":"publish","type":"page","link":"https:\/\/artcool-clima.ro\/?page_id=47","title":{"rendered":"Servicii"},"content":{"rendered":"\n<p class=\"has-black-color has-text-color has-medium-font-size\">V\u0103 putem ajuta cu o gam\u0103 variat\u0103 de servicii din domeniul climatiz\u0103rii: montaj aer condi\u021bionat, repara\u021bii aer condi\u021bionat, revizie aer condi\u021bionat, igienizare aer condi\u021bionat, montaj \u0219i repara\u021bii instala\u021bii termice \u0219i sanitare. V\u0103 putem oferta \u0219i mai multe modele de aparate de aer condi\u021bionat la pre\u021buri competitive.<\/p>\n\n\n\n<div class=\"wp-block-columns alignwide is-layout-flex wp-container-core-columns-is-layout-9d6595d7 wp-block-columns-is-layout-flex\">\n<div class=\"wp-block-column has-pale-cyan-blue-background-color has-text-color has-background has-link-color wp-elements-8293932c1c254f15c505ba60addd5d6a is-layout-flow wp-block-column-is-layout-flow\" style=\"color:#000000;padding-top:2em;padding-right:2em;padding-bottom:2em;padding-left:2em\">\n<h2 class=\"wp-block-heading\" id=\"single\" style=\"font-size:40px\"><strong><strong>Montaj aer conditionat<\/strong><\/strong><\/h2>\n\n\n\n<p class=\"has-normal-font-size\" style=\"line-height:1.5\"><strong>Efectu\u0103m repara\u021bii aer condi\u021bionat \u00een Bucure\u0219ti \u0219i Ilfov.<\/strong><\/p>\n\n\n\n<hr class=\"wp-block-separator has-text-color has-css-opacity has-background is-style-wide\" style=\"background-color:#000000;color:#000000\"\/>\n\n\n\n<div class=\"wp-block-buttons alignfull is-horizontal is-content-justification-center is-layout-flex wp-container-core-buttons-is-layout-499968f5 wp-block-buttons-is-layout-flex\">\n<div class=\"wp-block-button has-custom-width wp-block-button__width-100\"><a class=\"wp-block-button__link has-white-color has-text-color has-background no-border-radius wp-element-button\" style=\"background-color:#000000\">Contact: 0787601671<\/a><\/div>\n<\/div>\n<\/div>\n<\/div>\n\n\n\n<p><\/p>\n","protected":false},"excerpt":{"rendered":"<p>V\u0103 putem ajuta cu o gam\u0103 variat\u0103 de servicii din domeniul climatiz\u0103rii: montaj aer condi\u021bionat, repara\u021bii aer condi\u021bionat, revizie aer condi\u021bionat, igienizare aer condi\u021bionat, montaj \u0219i repara\u021bii instala\u021bii termice \u0219i &#8230;<\/p>\n","protected":false},"author":1,"featured_media":43,"parent":0,"menu_order":0,"comment_status":"closed","ping_status":"closed","template":"","meta":{"footnotes":""},"class_list":["post-47","page","type-page","status-publish","has-post-thumbnail","hentry"],"_links":{"self":[{"href":"https:\/\/artcool-clima.ro\/index.php?rest_route=\/wp\/v2\/pages\/47","targetHints":{"allow":["GET"]}}],"collection":[{"href":"https:\/\/artcool-clima.ro\/index.php?rest_route=\/wp\/v2\/pages"}],"about":[{"href":"https:\/\/artcool-clima.ro\/index.php?rest_route=\/wp\/v2\/types\/page"}],"author":[{"embeddable":true,"href":"https:\/\/artcool-clima.ro\/index.php?rest_route=\/wp\/v2\/users\/1"}],"replies":[{"embeddable":true,"href":"https:\/\/artcool-clima.ro\/index.php?rest_route=%2Fwp%2Fv2%2Fcomments&post=47"}],"version-history":[{"count":9,"href":"https:\/\/artcool-clima.ro\/index.php?rest_route=\/wp\/v2\/pages\/47\/revisions"}],"predecessor-version":[{"id":596,"href":"https:\/\/artcool-clima.ro\/index.php?rest_route=\/wp\/v2\/pages\/47\/revisions\/596"}],"wp:featuredmedia":[{"embeddable":true,"href":"https:\/\/artcool-clima.ro\/index.php?rest_route=\/wp\/v2\/media\/43"}],"wp:attachment":[{"href":"https:\/\/artcool-clima.ro\/index.php?rest_route=%2Fwp%2Fv2%2Fmedia&parent=47"}],"curies":[{"name":"wp","href":"https:\/\/api.w.org\/{rel}","templated":true}]}}