{"id":62,"date":"2022-12-17T00:06:47","date_gmt":"2022-12-17T00:06:47","guid":{"rendered":"https:\/\/artcool-clima.ro\/wp\/?page_id=62"},"modified":"2022-12-28T18:39:14","modified_gmt":"2022-12-28T18:39:14","slug":"montaj-si-reparatii-instalatii-termice-si-sanitare","status":"publish","type":"page","link":"https:\/\/artcool-clima.ro\/?page_id=62","title":{"rendered":"Montaj \u0219i repara\u021bii instala\u021bii termice \u0219i sanitare"},"content":{"rendered":"\n<h2 class=\"wp-block-heading\">Efectu\u0103m servicii de montaj \u0219i repara\u021bii instala\u021bii termice \u0219i sanitare \u00een Bucure\u0219ti \u0219i Ilfov<\/h2>\n\n\n\n<p>Serviciile de montaj \u0219i repara\u021bii instala\u021bii termice \u0219i sanitare se efectueaz\u0103 numai \u00een baza unei program\u0103ri prealabile \u0219i doar \u00een limita disponibilit\u0103\u021bii pe care o avem, numai \u00een Bucure\u0219ti \u0219i Jude\u021bul Ilfov.&nbsp; Pentru a solicita o programare&nbsp; sau o ofert\u0103 de pre\u021b ne po\u021bi contacta telefonic, pe e-mail sau folosind pagina de&nbsp;<strong><a href=\"https:\/\/artcool-clima.ro\/?page_id=30\" data-type=\"URL\" data-id=\"https:\/\/artcool-clima.ro\/?page_id=30\">programare<\/a><\/strong>.&nbsp;<\/p>\n\n\n\n<h3 class=\"wp-block-heading\">V\u0103 putem oferta o gam\u0103 variat\u0103 de servicii din domeniul instala\u021biilor termice \u0219i sanitare:<\/h3>\n\n\n\n<ul class=\"wp-block-list\">\n<li><a href=\"https:\/\/artcool-clima.ro\/?page_id=30\">Montaj obiecte sanitare<\/a><\/li>\n\n\n\n<li><a href=\"https:\/\/artcool-clima.ro\/?page_id=30\">Montaj Boiler<\/a><\/li>\n\n\n\n<li><a href=\"https:\/\/artcool-clima.ro\/?page_id=30\">Montaj centrale termice<\/a><\/li>\n\n\n\n<li><a href=\"https:\/\/artcool-clima.ro\/?page_id=30\">Montaj calorifere<\/a><\/li>\n\n\n\n<li><a href=\"https:\/\/artcool-clima.ro\/?page_id=30\">Montaj Masina de spalat (rufe,vase)<\/a><\/li>\n\n\n\n<li><a href=\"https:\/\/artcool-clima.ro\/?page_id=30\">Montaj hota<\/a><\/li>\n\n\n\n<li><a href=\"https:\/\/artcool-clima.ro\/?page_id=30\">Montaj plita (electrica, gaz)<\/a><\/li>\n\n\n\n<li><a href=\"https:\/\/artcool-clima.ro\/?page_id=30\">Montaj cuptor (electric,gaz)<\/a><\/li>\n\n\n\n<li><a href=\"https:\/\/artcool-clima.ro\/?page_id=30\">Montaj suport TV <\/a><\/li>\n<\/ul>\n\n\n\n<p>\u00cen cazul \u00een care la data programat\u0103 nu pot fi prestate serviciile de montaj \u0219i \/ sau repara\u021bii instala\u021bii termice \u0219i \/ sau sanitare din urm\u0103toarele cauze: cump\u0103r\u0103torul nu este la adresa comunicat\u0103 unde dore\u0219te efectuarea serviciilor, nu sunt condi\u021bii pentru a fi prestate serviciile, cump\u0103r\u0103torul nu prezint\u0103 documentele originale de achizi\u021bie ale echipamentelor \u0219i \/ sau serviciului (dac\u0103 este cazul), costul deplas\u0103rii suplimentare, la o dat\u0103 ulterioar\u0103, va fi suportat de catre client \u0219i este \u00een valoare de 60 lei.<\/p>\n\n\n\n<h4 class=\"wp-block-heading\"><strong>Dispunem de o echipa de oameni profesionisti, cu multa experienta in spate, care va ofera servicii ireprosabile de montaj la cele mai bune preturi, astfel ca te poti bucura mai repede de produsul achizitionat. Avem pachete pentru serviciul de instalare diferite, pentru a putea alege ceea ce te avantajeaza. Indiferent de pachetul ales, beneficiezi de cele mai bune servicii, prestate de oameni profesionisti, care lucreaza curat, prompt si eficient.<\/strong><\/h4>\n\n\n\n<p>Instalarea se va face respectand legislatia in domeniu, astfel ca nu se vor perfora grinzi, stalpi de beton, lemn, sticla sau metal si nu se vor executa lucrari care pun in pericol rezistenta cladirii si siguranta membrilor echipei de instalare<\/p>\n\n\n\n<p>Clientul are obligatia de a asigura conditii de lucru corespunzatoare echipei de montaj.<\/p>\n","protected":false},"excerpt":{"rendered":"<p>Efectu\u0103m servicii de montaj \u0219i repara\u021bii instala\u021bii termice \u0219i sanitare \u00een Bucure\u0219ti \u0219i Ilfov Serviciile de montaj \u0219i repara\u021bii instala\u021bii termice \u0219i sanitare se efectueaz\u0103 numai \u00een baza unei program\u0103ri &#8230;<\/p>\n","protected":false},"author":1,"featured_media":153,"parent":47,"menu_order":2,"comment_status":"closed","ping_status":"closed","template":"","meta":{"footnotes":""},"class_list":["post-62","page","type-page","status-publish","has-post-thumbnail","hentry"],"_links":{"self":[{"href":"https:\/\/artcool-clima.ro\/index.php?rest_route=\/wp\/v2\/pages\/62","targetHints":{"allow":["GET"]}}],"collection":[{"href":"https:\/\/artcool-clima.ro\/index.php?rest_route=\/wp\/v2\/pages"}],"about":[{"href":"https:\/\/artcool-clima.ro\/index.php?rest_route=\/wp\/v2\/types\/page"}],"author":[{"embeddable":true,"href":"https:\/\/artcool-clima.ro\/index.php?rest_route=\/wp\/v2\/users\/1"}],"replies":[{"embeddable":true,"href":"https:\/\/artcool-clima.ro\/index.php?rest_route=%2Fwp%2Fv2%2Fcomments&post=62"}],"version-history":[{"count":10,"href":"https:\/\/artcool-clima.ro\/index.php?rest_route=\/wp\/v2\/pages\/62\/revisions"}],"predecessor-version":[{"id":275,"href":"https:\/\/artcool-clima.ro\/index.php?rest_route=\/wp\/v2\/pages\/62\/revisions\/275"}],"up":[{"embeddable":true,"href":"https:\/\/artcool-clima.ro\/index.php?rest_route=\/wp\/v2\/pages\/47"}],"wp:featuredmedia":[{"embeddable":true,"href":"https:\/\/artcool-clima.ro\/index.php?rest_route=\/wp\/v2\/media\/153"}],"wp:attachment":[{"href":"https:\/\/artcool-clima.ro\/index.php?rest_route=%2Fwp%2Fv2%2Fmedia&parent=62"}],"curies":[{"name":"wp","href":"https:\/\/api.w.org\/{rel}","templated":true}]}}