{"id":66,"date":"2022-12-17T00:09:43","date_gmt":"2022-12-17T00:09:43","guid":{"rendered":"https:\/\/artcool-clima.ro\/wp\/?page_id=66"},"modified":"2022-12-18T05:33:47","modified_gmt":"2022-12-18T05:33:47","slug":"igienizare-aer-conditionat","status":"publish","type":"page","link":"https:\/\/artcool-clima.ro\/?page_id=66","title":{"rendered":"Igienizare aer condi\u021bionat"},"content":{"rendered":"\n<h2 class=\"wp-block-heading\">Efectu\u0103m igienizare la aparate aer condi\u021bionat \u00een Bucure\u0219ti \u0219i Ilfov<\/h2>\n\n\n\n<p>Serviciile de igienizare aer condi\u021bionat se efectueaz\u0103 numai \u00een baza unei program\u0103ri prealabile \u0219i doar \u00een limita disponibilit\u0103\u021bii pe care o avem, numai \u00een Bucure\u0219ti \u0219i Jude\u021bul Ilfov.\u00a0 Pentru a solicita o programare ne po\u021bi contacta telefonic, pe e-mail sau folosind pagina de\u00a0<strong><a href=\"https:\/\/artcool-clima.ro\/wp\/?page_id=30\" data-type=\"URL\" data-id=\"https:\/\/artcool-clima.ro\/wp\/?page_id=30\">programare<\/a><\/strong>.\u00a0<\/p>\n\n\n\n<h3 class=\"wp-block-heading\">Pre\u021buri igienizare aer condi\u021bionat tip split de perete<\/h3>\n\n\n\n<p><a href=\"https:\/\/artcool-clima.ro\/wp\/?page_id=30\" data-type=\"URL\" data-id=\"https:\/\/artcool-clima.ro\/wp\/?page_id=30\">Igienizare aparat aer condi\u021bionat tip split 9000 BTU &#8211; 12000 BTU \u21d2 250 lei<\/a><\/p>\n\n\n\n<p><a href=\"https:\/\/artcool-clima.ro\/wp\/?page_id=30\" data-type=\"URL\" data-id=\"https:\/\/artcool-clima.ro\/wp\/?page_id=30\">Igienizare aparat aer condi\u021bionat tip split 18000 BTU &#8211; 24000 BTU \u21d2 300 lei<\/a><\/p>\n\n\n\n<h3 class=\"wp-block-heading\">Igienizarea unui aparat aer condi\u021bionat tip split de perete include:<\/h3>\n\n\n\n<ul class=\"wp-block-list\">\n<li>Cur\u0103\u021bare \u0219i dezinfectare filtre cu solu\u021bii speciale<\/li>\n\n\n\n<li>Cur\u0103\u021bare \u0219i dezinfectare vaporizator unitate interioar\u0103 cu solu\u021bii speciale<\/li>\n\n\n\n<li>Cur\u0103\u021bare \u0219i dezinfectare turbin\u0103 unitate interioar\u0103 cu solu\u021bii speciale<\/li>\n\n\n\n<li>Cur\u0103\u021bare \u0219i dezinfectare t\u0103vi\u021ba de condens cu solu\u021bii speciale<\/li>\n<\/ul>\n\n\n\n<p>\u00cen cazul \u00een care la data programat\u0103 nu se poate realiza igienizarea aparatului de aer condi\u021bionat din urm\u0103toarele cauze: cump\u0103r\u0103torul nu este la adresa comunicat\u0103 pentru igienizare, nu sunt condi\u021bii pentru a se efectua igienizarea, cump\u0103r\u0103torul nu prezint\u0103 documentele originale de achizi\u021bie ale aparatului \u0219i \/ sau serviciului (dac\u0103 este cazul), costul deplas\u0103rii suplimentare, la o dat\u0103 ulterioar\u0103, va fi suportat de catre client \u0219i este \u00een valoare de 60 lei.<\/p>\n","protected":false},"excerpt":{"rendered":"<p>Efectu\u0103m igienizare la aparate aer condi\u021bionat \u00een Bucure\u0219ti \u0219i Ilfov Serviciile de igienizare aer condi\u021bionat se efectueaz\u0103 numai \u00een baza unei program\u0103ri prealabile \u0219i doar \u00een limita disponibilit\u0103\u021bii pe care &#8230;<\/p>\n","protected":false},"author":1,"featured_media":0,"parent":47,"menu_order":5,"comment_status":"closed","ping_status":"closed","template":"","meta":{"footnotes":""},"class_list":["post-66","page","type-page","status-publish","hentry"],"_links":{"self":[{"href":"https:\/\/artcool-clima.ro\/index.php?rest_route=\/wp\/v2\/pages\/66","targetHints":{"allow":["GET"]}}],"collection":[{"href":"https:\/\/artcool-clima.ro\/index.php?rest_route=\/wp\/v2\/pages"}],"about":[{"href":"https:\/\/artcool-clima.ro\/index.php?rest_route=\/wp\/v2\/types\/page"}],"author":[{"embeddable":true,"href":"https:\/\/artcool-clima.ro\/index.php?rest_route=\/wp\/v2\/users\/1"}],"replies":[{"embeddable":true,"href":"https:\/\/artcool-clima.ro\/index.php?rest_route=%2Fwp%2Fv2%2Fcomments&post=66"}],"version-history":[{"count":2,"href":"https:\/\/artcool-clima.ro\/index.php?rest_route=\/wp\/v2\/pages\/66\/revisions"}],"predecessor-version":[{"id":208,"href":"https:\/\/artcool-clima.ro\/index.php?rest_route=\/wp\/v2\/pages\/66\/revisions\/208"}],"up":[{"embeddable":true,"href":"https:\/\/artcool-clima.ro\/index.php?rest_route=\/wp\/v2\/pages\/47"}],"wp:attachment":[{"href":"https:\/\/artcool-clima.ro\/index.php?rest_route=%2Fwp%2Fv2%2Fmedia&parent=66"}],"curies":[{"name":"wp","href":"https:\/\/api.w.org\/{rel}","templated":true}]}}