{"id":71,"date":"2022-12-17T00:13:11","date_gmt":"2022-12-17T00:13:11","guid":{"rendered":"https:\/\/artcool-clima.ro\/wp\/?page_id=71"},"modified":"2022-12-28T16:09:53","modified_gmt":"2022-12-28T16:09:53","slug":"revizie-aer-conditionat","status":"publish","type":"page","link":"https:\/\/artcool-clima.ro\/?page_id=71","title":{"rendered":"Revizie aer condi\u021bionat"},"content":{"rendered":"\n<h2 class=\"wp-block-heading\">Efectu\u0103m revizii aparate aer condi\u021bionat \u00een Bucure\u0219ti \u0219i Ilfov<\/h2>\n\n\n\n<p>Serviciile de revizie aer condi\u021bionat se efectueaz\u0103 numai \u00een baza unei program\u0103ri prealabile \u0219i doar \u00een limita disponibilit\u0103\u021bii pe care o avem, numai \u00een Bucure\u0219ti \u0219i Jude\u021bul Ilfov.&nbsp; Pentru a solicita o programare ne po\u021bi contacta telefonic, pe e-mail sau folosind pagina de&nbsp;<strong><a href=\"https:\/\/artcool-clima.ro\/?page_id=30\" data-type=\"URL\" data-id=\"https:\/\/artcool-clima.ro\/wp\/?page_id=30\">programare<\/a><\/strong>.&nbsp;<\/p>\n\n\n\n<h3 class=\"wp-block-heading\">Pre\u021buri revizie aer condi\u021bionat tip split de perete<\/h3>\n\n\n\n<p><a href=\"https:\/\/artcool-clima.ro\/?page_id=30\" data-type=\"URL\" data-id=\"https:\/\/artcool-clima.ro\/wp\/?page_id=30\">Revizie aparat aer condi\u021bionat tip split 9000 BTU &#8211; 12000 BTU<\/a><\/p>\n\n\n\n<p><a href=\"https:\/\/artcool-clima.ro\/?page_id=30\" data-type=\"URL\" data-id=\"https:\/\/artcool-clima.ro\/wp\/?page_id=30\">Revizie aparat aer condi\u021bionat tip split 18000 BTU &#8211; 24000 BTU <\/a><\/p>\n\n\n\n<h3 class=\"wp-block-heading\">Revizia unui aparat aer condi\u021bionat tip split de perete include:<\/h3>\n\n\n\n<ul class=\"wp-block-list\">\n<li>Verificare tehnic\u0103 aparat (presiuni agent frigorific, leg\u0103turi frigorifice, matisaj traseu frigorific)<\/li>\n\n\n\n<li>Verificare furtun de condens aparat (scurgere unitate interioar\u0103)<\/li>\n\n\n\n<li>Completare cu freon (R410a sau R32) \u00een limita a 200g \/ aparat acolo unde este cazul<\/li>\n\n\n\n<li>Igienizare premium unitate interioar\u0103 aparat aer condi\u021bionat<\/li>\n<\/ul>\n\n\n\n<p>\u00cen cazul \u00een care la data programat\u0103 nu se poate realiza revizia aparatului de aer condi\u021bionat din urm\u0103toarele cauze: cump\u0103r\u0103torul nu este la adresa comunicat\u0103 pentru revizie, nu sunt condi\u021bii pentru a se efectua reviziile, cump\u0103r\u0103torul nu prezint\u0103 documentele originale de achizi\u021bie ale aparatului \u0219i \/ sau serviciului (dac\u0103 este cazul), costul deplas\u0103rii suplimentare, la o dat\u0103 ulterioar\u0103, va fi suportat de catre client \u0219i este \u00een valoare de 60 lei.<\/p>\n\n\n\n<h3 class=\"wp-block-heading\"><strong>Mentenanta Aer Conditionat<\/strong><\/h3>\n\n\n\n<p>Se recomanda ca mentenanta aerului conditionat sa se faca la inceputul fiecarui sezon, si este bine sa solicitati serviciul de intretinere a echipamentului, chiar si in perioada de garantie. Serviciul de verificare si intretinere consta in curatarea filtrelor, curatarea unitatii interioare si a schimbatorului de caldura cu solutii speciale ce au ca scop dezinfectarea de particule si microbi (legionella pneumophila) si eliminarea mirosurilor neplacute, verificarea presiunii instalatiei si completarea cu agent frigorific unde este cazul.<\/p>\n\n\n\n<p><strong>Beneficii majore:<\/strong><\/p>\n\n\n\n<ul class=\"wp-block-list\">\n<li>Functionarea echipamentului la parametri normali atat pe racire\/incalzire cat si din punct de vedere al consumului de energie;<\/li>\n\n\n\n<li>Prevenirea defectiunilor de functionare;<\/li>\n\n\n\n<li>Prevenirea imbolnavirilor generate de legionella pneumophila;<\/li>\n\n\n\n<li>Durata de functionare a aparatului va creste.<\/li>\n<\/ul>\n\n\n\n<p><strong>Oferta Mentenanta Aer Conditionat<\/strong><\/p>\n\n\n\n<p>Derulam activitati simple si complexe de mentenanta si intretinere a aparatelor de aer conditionat(orice model) pentru a asigura o buna functionare in tot timpul anului si mai ales, pentru a evita defectiunile in momente total inoportune.<\/p>\n\n\n\n<p><strong>Procedurile de intretinere cuprind:<\/strong><\/p>\n\n\n\n<ul class=\"wp-block-list\">\n<li>Mentenanta pentru verificarea starii de functionare a unitatii interioare;<\/li>\n\n\n\n<li>Proceduri pentru stabilirea starii generale de functionare a unitatii;<\/li>\n\n\n\n<li>Curatare filtre si prefiltre;<\/li>\n\n\n\n<li>Curatare vaporizator de orice depuneri din aer;<\/li>\n\n\n\n<li>Curatare aripioare ventilator;<\/li>\n\n\n\n<li>Indreptare fante indoite pentru a permite o buna circulatie a aerului etc.<\/li>\n\n\n\n<li>Mentenanta pentru verificarea starii de functionare a unitatii exterioare;<\/li>\n<\/ul>\n\n\n\n<p><strong>Proceduri pentru stabilirea starii generale de functionare a unitatii:<\/strong><\/p>\n\n\n\n<ul class=\"wp-block-list\">\n<li>Verficarea presiunii agentului refrigerent si completarea acestuia in caz de necesitate;<\/li>\n\n\n\n<li>Verificarea si curatarea condensatorului;<\/li>\n\n\n\n<li>Verificarea compresorului;<\/li>\n\n\n\n<li>Curatare palete ventilator etc.<\/li>\n<\/ul>\n\n\n\n<p><strong>Mentenanta filtrelor de aer:<\/strong><\/p>\n\n\n\n<p>Un factor important legat de buna functionare a aparatului de aer conditionat se refera la frecventa de curatare a filtrelor de aer. Aceste filtre au rolul de a purifica aerul de praf, alergeni, bacterii si virusuri, iar curatarea lor periodica este estentiala pentru a preveni imbolnavirile de orice fel.<\/p>\n\n\n\n<p><strong>Despre filtrele de aer:<\/strong><\/p>\n\n\n\n<p>Nu exista o regula care sa specifice frecventa de curatare a filtrelor, acestea se curata ori de cate ori este necesar;<\/p>\n\n\n\n<p>Pe langa pericolul de imbolnavire existent, filtrele murdare interfereaza cu capacitatea aparatului de a genera aer rece;<\/p>\n\n\n\n<p>Cu toate acestea, se recomanda curatarea filtrelor macar o data pe luna;<\/p>\n\n\n\n<p>In mediile care contin foarte mult praf, curatarea filtrelor este recomandata mai des, poate chiar si saptamanal (de exemplu: in tipografii, fabricarea mobilei, in general in mediul industrial etc.);<\/p>\n\n\n\n<p>La achizitionarea unui aparat&nbsp; de aer conditionat este foarte&nbsp; important&nbsp; tipul de filtru\/filtre prevazute, cu precizarea ca exista foarte multe aparate care prezinta filtre cu caracteristici superioare de purificare a aerului.<\/p>\n\n\n\n<p><strong>Cat Dureaza O Procedura De Mentenanta?<\/strong><\/p>\n\n\n\n<p>In functie de nivelul de murdarie si de data ultimei proceduri de intretinere, mentenanta aerului conditionat poate varia intre 30-60 de minute, pentru ca acordam atentie sporita la detalii si&nbsp; ne dorim sa oferim cele mai bune servicii.<\/p>\n\n\n\n<p>Astfel acest procedeu de mentenanta necesita stabilirea unei programari in prealabil. Contacteaza-ne acum pentru a stabili o programare cu unul dintre specialistii nostri!<\/p>\n\n\n\n<h3 class=\"wp-block-heading\"><strong>Service aer conditionat&nbsp;<\/strong><\/h3>\n\n\n\n<p><strong>Operatiuni Executate<\/strong><\/p>\n\n\n\n<ul class=\"wp-block-list\">\n<li>Reparatie fisuri conducte cu pierdere freon (agent frigorific).<\/li>\n\n\n\n<li>Incarcare fron aer conditionat (sau suplimentare, dupa caz)<\/li>\n\n\n\n<li>Curatare filtre unitate interioara aparat aer conditionat<\/li>\n\n\n\n<li>Curatare (spalare) unitate interioara si exterioara aparat.<\/li>\n\n\n\n<li>Inlocuire condensatori pornire compresor aer conditionat<\/li>\n\n\n\n<li>Inlocuire senzori temperatura la aparatul de aer conditionat<\/li>\n\n\n\n<li>Montare sau inlocuire pompe de condens.<\/li>\n\n\n\n<li>Inlocuire motoare ventilatoare (unitate interioara sau exterioara).<\/li>\n\n\n\n<li>Reparatii placi electronice aer conditionat on-off (modul electronic)<\/li>\n\n\n\n<li>Inlocuire valva cu 4 cai (pompa de caldura).<\/li>\n\n\n\n<li>Inlocuire compresoare aer conditionat (motor)<\/li>\n\n\n\n<li>Revizie aer conditionat ( verificare generala \u2013 presiune functionare, temperatura, etc)<\/li>\n<\/ul>\n\n\n\n<p>Pentru interventii de service, revizie, incarcare freon sau reparatii aer conditionat, ne deplasam in Bucuresti, sector 1,2,3,4,5,6 si Ilfov. Asiguram interventii de service rapide in maxim 24 de ore de la solicitare, sau in caz de urgenta, in aceeasi zi !<\/p>\n\n\n\n<p>Pentru Servicii de Montaj, Mentenanta sau Service aer conditionat ne deplasam in tot Bucurestiul si in zonele limitrofe(Ilfov-max 20 Km).&nbsp;<\/p>\n\n\n\n<p>Asiguram interventii rapide, in maxim 24 de ore de la solicitare sau chiar in regim de urgenta!!<\/p>\n\n\n\n<h3 class=\"wp-block-heading\"><strong>Preturi<\/strong><\/h3>\n\n\n\n<ul class=\"wp-block-list\">\n<li><a href=\"https:\/\/artcool-clima.ro\/?page_id=30\" data-type=\"URL\" data-id=\"https:\/\/artcool-clima.ro\/?page_id=30\">Igienizare aer conditionat 250 Ron<\/a><\/li>\n\n\n\n<li><a href=\"https:\/\/artcool-clima.ro\/?page_id=30\" data-type=\"URL\" data-id=\"https:\/\/artcool-clima.ro\/?page_id=30\">Completare freon \u2013 de la 200 Ron<\/a><\/li>\n\n\n\n<li><a href=\"https:\/\/artcool-clima.ro\/?page_id=30\" data-type=\"URL\" data-id=\"https:\/\/artcool-clima.ro\/?page_id=30\">Incarcare completa\u00a0 freon -350\u00a0 Ron<\/a><\/li>\n\n\n\n<li><a href=\"https:\/\/artcool-clima.ro\/?page_id=30\">\u00a0Schimbare condensator \u2013 350 Ron<\/a><\/li>\n\n\n\n<li><a href=\"https:\/\/artcool-clima.ro\/?page_id=30\" data-type=\"URL\" data-id=\"https:\/\/artcool-clima.ro\/?page_id=30\">Constatare defecte \u2013\u00a0 100 Ron<\/a><\/li>\n\n\n\n<li>R<a href=\"https:\/\/artcool-clima.ro\/?page_id=30\" data-type=\"URL\" data-id=\"https:\/\/artcool-clima.ro\/?page_id=30\">emediere condens \u2013 100 Ron<\/a><\/li>\n\n\n\n<li><a href=\"https:\/\/artcool-clima.ro\/?page_id=30\" data-type=\"URL\" data-id=\"https:\/\/artcool-clima.ro\/?page_id=30\">Telecomanda universala -120 Ron<\/a><\/li>\n\n\n\n<li><a href=\"https:\/\/artcool-clima.ro\/?page_id=30\" data-type=\"URL\" data-id=\"https:\/\/artcool-clima.ro\/?page_id=30\">Refacere bercuri U.I \u2013 50 Ron<\/a><\/li>\n\n\n\n<li><a href=\"https:\/\/artcool-clima.ro\/?page_id=30\" data-type=\"URL\" data-id=\"https:\/\/artcool-clima.ro\/?page_id=30\">Refacere bercuri U.E \u2013 50 Ron<\/a><\/li>\n\n\n\n<li><a href=\"https:\/\/artcool-clima.ro\/?page_id=30\" data-type=\"URL\" data-id=\"https:\/\/artcool-clima.ro\/?page_id=30\">Inlocure Holendru spart ( fisurat ) \u2013 50 lei buc<\/a><\/li>\n\n\n\n<li><a href=\"https:\/\/artcool-clima.ro\/?page_id=30\" data-type=\"URL\" data-id=\"https:\/\/artcool-clima.ro\/?page_id=30\">Inlocuire traseu frigorific \u2013 100 lei ml<\/a><\/li>\n\n\n\n<li><a href=\"https:\/\/artcool-clima.ro\/?page_id=30\" data-type=\"URL\" data-id=\"https:\/\/artcool-clima.ro\/?page_id=30\">Remediere scurgere apa din aparat aer conditionat la U.I \u2013 100 Ron<\/a><\/li>\n\n\n\n<li><a href=\"https:\/\/artcool-clima.ro\/?page_id=30\" data-type=\"URL\" data-id=\"https:\/\/artcool-clima.ro\/?page_id=30\">Schimbare consola U.E + manopera = 120 Ron<\/a><\/li>\n\n\n\n<li><a href=\"https:\/\/artcool-clima.ro\/?page_id=30\" data-type=\"URL\" data-id=\"https:\/\/artcool-clima.ro\/?page_id=30\">Rematisare traseu frigorific \u2013 100\u00a0 Ron<\/a><\/li>\n<\/ul>\n\n\n\n<p>Costul minim al unei deplasari nu poate fi mai mic de 100 Ron ( Detalii cost minim \/ interventie).<\/p>\n\n\n\n<p>Exemplu : daca aparatul&nbsp; dvs. are probleme cu scurgerea apei din unitatea interioara, costul de lista al acestei interventii este : \u201cRemediere scurgere apa din aparat de aer conditionat la U.I. \u2013 60 ron\u201d. \u2013 Daca se intervine doar pentru aceasta problema costul minim va fi de 100 ron nu de 60 ron !<\/p>\n\n\n\n<h4 class=\"wp-block-heading\"><strong>Recomandarea noastra este sa cereti oferta si un coleg din echipa noastra o sa va ofere toate detalii referitoare la solicitarea dvs, consultanta este GRATUITA.<\/strong><\/h4>\n","protected":false},"excerpt":{"rendered":"<p>Efectu\u0103m revizii aparate aer condi\u021bionat \u00een Bucure\u0219ti \u0219i Ilfov Serviciile de revizie aer condi\u021bionat se efectueaz\u0103 numai \u00een baza unei program\u0103ri prealabile \u0219i doar \u00een limita disponibilit\u0103\u021bii pe care o &#8230;<\/p>\n","protected":false},"author":1,"featured_media":0,"parent":47,"menu_order":0,"comment_status":"closed","ping_status":"closed","template":"","meta":{"footnotes":""},"class_list":["post-71","page","type-page","status-publish","hentry"],"_links":{"self":[{"href":"https:\/\/artcool-clima.ro\/index.php?rest_route=\/wp\/v2\/pages\/71","targetHints":{"allow":["GET"]}}],"collection":[{"href":"https:\/\/artcool-clima.ro\/index.php?rest_route=\/wp\/v2\/pages"}],"about":[{"href":"https:\/\/artcool-clima.ro\/index.php?rest_route=\/wp\/v2\/types\/page"}],"author":[{"embeddable":true,"href":"https:\/\/artcool-clima.ro\/index.php?rest_route=\/wp\/v2\/users\/1"}],"replies":[{"embeddable":true,"href":"https:\/\/artcool-clima.ro\/index.php?rest_route=%2Fwp%2Fv2%2Fcomments&post=71"}],"version-history":[{"count":10,"href":"https:\/\/artcool-clima.ro\/index.php?rest_route=\/wp\/v2\/pages\/71\/revisions"}],"predecessor-version":[{"id":258,"href":"https:\/\/artcool-clima.ro\/index.php?rest_route=\/wp\/v2\/pages\/71\/revisions\/258"}],"up":[{"embeddable":true,"href":"https:\/\/artcool-clima.ro\/index.php?rest_route=\/wp\/v2\/pages\/47"}],"wp:attachment":[{"href":"https:\/\/artcool-clima.ro\/index.php?rest_route=%2Fwp%2Fv2%2Fmedia&parent=71"}],"curies":[{"name":"wp","href":"https:\/\/api.w.org\/{rel}","templated":true}]}}